{"id":8,"date":"2023-02-02T07:44:20","date_gmt":"2023-02-02T04:44:20","guid":{"rendered":"https:\/\/demosites.royal-elementor-addons.com\/digital-marketing-agency-v3\/?page_id=8"},"modified":"2026-04-15T12:01:36","modified_gmt":"2026-04-15T09:01:36","slug":"about","status":"publish","type":"page","link":"https:\/\/esasgrup.com.tr\/tr\/about\/","title":{"rendered":"Hakk\u0131m\u0131zda"},"content":{"rendered":"<div class=\"et_pb_section_0 et_pb_section et_pb_fullwidth_section et_section_regular et_block_section et_pb_section_parallax\"><span class=\"et-pb-parallax-wrapper\"><span class=\"et-pb-parallax-background et-pb-parallax-background-module--divi-section-0\" style=\"background-image:url(http:\/\/esasgrup.com.tr\/wp-content\/uploads\/2026\/04\/about_us-e1775664595287.png)\"><\/span><\/span>\n<section class=\"et_pb_fullwidth_header_0 et_pb_fullwidth_header et_pb_bg_layout_dark et_pb_text_align_left et_pb_module et_flex_module\"><div class=\"et_pb_fullwidth_header_container left\"><div class=\"header-content-container center\"><div class=\"header-content et_flex_module\"><h1 class=\"et_pb_module_header\">Hakk\u0131m\u0131zda<\/h1><span class=\"et_pb_fullwidth_header_subhead\">2007'den beri G\u00fcvenilir Ambalaj \u00c7\u00f6z\u00fcmleri Tasarl\u0131yoruz<\/span><div class=\"et_pb_header_content_wrapper\"><p class=\"p1 translation-block\">Esas Grup, farkl\u0131 sekt\u00f6rler i\u00e7in g\u00fcvenilir, verimli ve s\u00fcrd\u00fcr\u00fclebilir ambalaj \u00e7\u00f6z\u00fcmleri geli\u015ftirmeye odaklanan bir m\u00fchendislik ve \u00fcretim markas\u0131d\u0131r. Y\u0131llara dayanan saha tecr\u00fcbesi ve 30'dan fazla \u00fclkeye uzanan ihracat ge\u00e7mi\u015fimizle, kontroll\u00fc \u00fcretimi ve uzun vadeli operasyonel g\u00fcvenilirli\u011fi destekleyen makine sistemleri geli\u015ftiriyoruz.<\/p>\n<\/div><div class=\"et_pb_header_button_wrapper\"><a class=\"et_pb_button et_pb_more_button et_pb_button_one\" href=\"\">Hakk\u0131m\u0131zda<\/a><a class=\"et_pb_button et_pb_more_button et_pb_button_two\" href=\"\">\u0130leti\u015fime Ge\u00e7<\/a><\/div><\/div><\/div><\/div><div class=\"et_pb_fullwidth_header_overlay\"><\/div><div class=\"et_pb_fullwidth_header_scroll\"><\/div><\/section>\n<\/div>\n\n<div class=\"et_pb_section_1 et_pb_section et_section_regular et_flex_section\">\n<div class=\"et_pb_row_0 et_pb_row et_flex_row\">\n<div class=\"et_pb_column_0 et_pb_column et-last-child et_flex_column et_pb_css_mix_blend_mode_passthrough et_flex_column_24_24 et_flex_column_24_24_tablet et_flex_column_24_24_phone\">\n<div class=\"et_pb_text_0 et_pb_text et_pb_bg_layout_light et_pb_module et_flex_module\"><div class=\"et_pb_text_inner\"><p>Esas Grup, paketleme teknolojileri alan\u0131nda kurulu\u015f \u00f6ncesine dayanan sekt\u00f6r tecr\u00fcbesi ve 2007\u2019den bu yana s\u00fcrd\u00fcrd\u00fc\u011f\u00fc \u00fcretim anlay\u0131\u015f\u0131yla, farkl\u0131 sekt\u00f6rlere y\u00f6nelik g\u00fcvenilir makine \u00e7\u00f6z\u00fcmleri geli\u015ftiren bir m\u00fchendislik ve \u00fcretim markas\u0131d\u0131r.<\/p>\n<p>Dikey paketleme makineleri, yatay doypack paketleme makineleri, yar\u0131 otomatik makineler, dolum \u00fcniteleri ve yard\u0131mc\u0131 ekipmanlardan olu\u015fan \u00fcr\u00fcn gam\u0131m\u0131zla; farkl\u0131 \u00fcr\u00fcn gruplar\u0131, kapasite ihtiya\u00e7lar\u0131 ve ambalaj tipleri i\u00e7in verimli, kontroll\u00fc ve s\u00fcrd\u00fcr\u00fclebilir \u00e7\u00f6z\u00fcmler sunuyoruz.<\/p>\n<p>Bizim i\u00e7in paketleme yaln\u0131zca \u00fcr\u00fcn\u00fc ambalaja yerle\u015ftirmek de\u011fildir. Do\u011fru \u00fcr\u00fcn ak\u0131\u015f\u0131, do\u011fru dolum sistemi, do\u011fru paket formu ve \u00fcretim hatt\u0131na uygun makine kurgusu; verimli bir \u00fcretim altyap\u0131s\u0131n\u0131n temelini olu\u015fturur. Bu nedenle her projeye, m\u00fc\u015fterimizin \u00fcretim ihtiya\u00e7lar\u0131n\u0131 ve \u00fcr\u00fcn yap\u0131s\u0131n\u0131 birlikte de\u011ferlendirerek yakla\u015f\u0131yoruz.<\/p>\n<p>Bug\u00fcne kadar 30\u2019dan fazla \u00fclkeye ger\u00e7ekle\u015ftirdi\u011fimiz ihracat, Esas Grup\u2019un uluslararas\u0131 pazarda da g\u00fcven duyulan bir \u00e7\u00f6z\u00fcm orta\u011f\u0131 oldu\u011funu g\u00f6stermektedir. Sahip oldu\u011fumuz deneyimi, dayan\u0131kl\u0131, verimli ve uzun \u00f6m\u00fcrl\u00fc sistemler geli\u015ftirmek i\u00e7in kullan\u0131yoruz.<\/p>\n<p>Makine tasar\u0131m\u0131nda dayan\u0131kl\u0131l\u0131k, hijyen, kullan\u0131m kolayl\u0131\u011f\u0131 ve teknik tutarl\u0131l\u0131k temel \u00f6nceliklerimizdir. G\u00fc\u00e7l\u00fc mekanik yap\u0131, hassas dolum kontrol\u00fc, stabil \u00e7al\u0131\u015fma performans\u0131 ve operat\u00f6r dostu sistem anlay\u0131\u015f\u0131 ile \u00fcretim s\u00fcre\u00e7lerinin daha kontroll\u00fc, daha g\u00fcvenli ve daha verimli hale gelmesine katk\u0131 sa\u011fl\u0131yoruz.<\/p>\n<p>Sat\u0131\u015f sonras\u0131 servis ve m\u00fc\u015fteri memnuniyeti, \u00e7al\u0131\u015fma anlay\u0131\u015f\u0131m\u0131z\u0131n en \u00f6nemli par\u00e7alar\u0131ndand\u0131r. Esas Grup, yaln\u0131zca makine tedarik eden de\u011fil; m\u00fc\u015fterisinin \u00fcretim s\u00fcrecinde g\u00fcven veren, destek sunan ve uzun vadeli i\u015f birli\u011fi kuran bir \u00e7\u00f6z\u00fcm orta\u011f\u0131 olmay\u0131 hedefler.<\/p>\n<p>&nbsp;<\/p>\n<p><strong>\u00dcretim hatt\u0131n\u0131za en uygun paketleme \u00e7\u00f6z\u00fcm\u00fcn\u00fc birlikte olu\u015fturmak i\u00e7in yan\u0131n\u0131zday\u0131z.<\/strong><\/p>\n<\/div><\/div>\n<\/div>\n<\/div>\n<\/div>","protected":false},"excerpt":{"rendered":"","protected":false},"author":1,"featured_media":0,"parent":0,"menu_order":0,"comment_status":"closed","ping_status":"closed","template":"","meta":{"footnotes":""},"class_list":["post-8","page","type-page","status-publish","hentry"],"_links":{"self":[{"href":"https:\/\/esasgrup.com.tr\/tr\/wp-json\/wp\/v2\/pages\/8","targetHints":{"allow":["GET"]}}],"collection":[{"href":"https:\/\/esasgrup.com.tr\/tr\/wp-json\/wp\/v2\/pages"}],"about":[{"href":"https:\/\/esasgrup.com.tr\/tr\/wp-json\/wp\/v2\/types\/page"}],"author":[{"embeddable":true,"href":"https:\/\/esasgrup.com.tr\/tr\/wp-json\/wp\/v2\/users\/1"}],"replies":[{"embeddable":true,"href":"https:\/\/esasgrup.com.tr\/tr\/wp-json\/wp\/v2\/comments?post=8"}],"version-history":[{"count":17,"href":"https:\/\/esasgrup.com.tr\/tr\/wp-json\/wp\/v2\/pages\/8\/revisions"}],"predecessor-version":[{"id":2280,"href":"https:\/\/esasgrup.com.tr\/tr\/wp-json\/wp\/v2\/pages\/8\/revisions\/2280"}],"wp:attachment":[{"href":"https:\/\/esasgrup.com.tr\/tr\/wp-json\/wp\/v2\/media?parent=8"}],"curies":[{"name":"wp","href":"https:\/\/api.w.org\/{rel}","templated":true}]}}