{"id":2289,"date":"2026-04-17T10:57:07","date_gmt":"2026-04-17T07:57:07","guid":{"rendered":"https:\/\/esasgrup.com.tr\/?page_id=2289"},"modified":"2026-04-17T11:03:49","modified_gmt":"2026-04-17T08:03:49","slug":"applications","status":"publish","type":"page","link":"https:\/\/esasgrup.com.tr\/tr\/applications\/","title":{"rendered":"Uygulamalar\u0131m\u0131z"},"content":{"rendered":"<div class=\"et_pb_section_0 et_pb_section et_pb_fullwidth_section et_section_regular et_block_section\">\n<section class=\"et_pb_fullwidth_header_0 et_pb_fullwidth_header et_pb_bg_layout_dark et_pb_text_align_center et_pb_module et_flex_module\"><div class=\"et_pb_fullwidth_header_container center\"><div class=\"header-content-container center\"><div class=\"header-content et_flex_module\"><h1 class=\"et_pb_module_header\">Uygulamalar\u0131m\u0131z<\/h1><span class=\"et_pb_fullwidth_header_subhead\">Packaging Solutions for Every Application<\/span><div class=\"et_pb_header_content_wrapper\"><p>Explore packaging machine solutions developed for different product categories, packaging formats, and production requirements.<\/p>\n<\/div><div class=\"et_pb_header_button_wrapper\"><\/div><\/div><\/div><\/div><div class=\"et_pb_fullwidth_header_overlay\"><\/div><div class=\"et_pb_fullwidth_header_scroll\"><\/div><\/section>\n<\/div>\n\n<div class=\"et_pb_section_1 et_pb_section et_section_specialty et_pb_gutters2 et_block_section\"><div class=\"et_pb_row et_block_row\">\n<div class=\"et_pb_column_0 et_pb_column et_pb_column_single et_pb_column_1_2 et_block_column et_pb_css_mix_blend_mode_passthrough\">\n<div class=\"et_pb_blurb_0 et_pb_blurb et_pb_bg_layout_dark et_pb_text_align_right et_pb_blurb_position_top et_animated et_pb_module et_block_module\"><div class=\"et_pb_blurb_content\"><div class=\"et_pb_blurb_container\"><h4 class=\"et_pb_module_header\"><a href=\"https:\/\/esasgrup.com.tr\/tr\/contact-us\/\">\u0130leti\u015fime Ge\u00e7<\/a><\/h4><\/div><\/div><\/div>\n<\/div>\n\n<div class=\"et_pb_column_1 et_pb_column et_pb_specialty_column et_pb_column_1_2 et-last-child et_block_column et_pb_column_empty et_pb_css_mix_blend_mode_passthrough\"><\/div>\n<\/div><\/div>\n\n<div class=\"et_pb_section_2 et_pb_section et_section_regular et_block_section\">\n<div class=\"et_pb_row_0 et_pb_row et_block_row\">\n<div class=\"et_pb_column_2 et_pb_column et_pb_column_4_4 et-last-child et_block_column et_pb_css_mix_blend_mode_passthrough application-links\">\n<div class=\"et_pb_text_0 et_pb_text et_pb_bg_layout_light et_pb_module et_block_module\"><div class=\"et_pb_text_inner\"><h2>Food Products<\/h2>\n<\/div><\/div>\n\n<div class=\"et_pb_text_1 et_pb_text et_pb_bg_layout_light et_pb_module et_flex_module application-text-links boxed\"><div class=\"et_pb_text_inner\"><p><a href=\"https:\/\/esasgrup.com.tr\/tr\/applications\/nut-packaging-machine\/\" title=\"Kuruyemi\u015f Paketleme Makinesi\">Kuruyemi\u015f Paketleme Makinesi<\/a><\/p>\n<\/div><\/div>\n\n<div class=\"et_pb_text_2 et_pb_text et_pb_bg_layout_light et_pb_module et_flex_module application-text-links boxed\"><div class=\"et_pb_text_inner\"><p><a href=\"https:\/\/esasgrup.com.tr\/tr\/applications\/legume-packaging-machine\/\" title=\"Legumes Packaging Machine\">Legumes Packaging Machine<\/a><\/p>\n<\/div><\/div>\n\n<div class=\"et_pb_text_3 et_pb_text et_pb_bg_layout_light et_pb_module et_flex_module application-text-links boxed\"><div class=\"et_pb_text_inner\"><p><a href=\"https:\/\/esasgrup.com.tr\/tr\/applications\/coffee-packaging-machine\/\" title=\"Coffee Packaging Machine\">Coffee Packaging Machine<\/a><\/p>\n<\/div><\/div>\n<\/div>\n<\/div>\n<\/div>","protected":false},"excerpt":{"rendered":"","protected":false},"author":4,"featured_media":0,"parent":0,"menu_order":0,"comment_status":"closed","ping_status":"closed","template":"","meta":{"footnotes":""},"class_list":["post-2289","page","type-page","status-publish","hentry"],"_links":{"self":[{"href":"https:\/\/esasgrup.com.tr\/tr\/wp-json\/wp\/v2\/pages\/2289","targetHints":{"allow":["GET"]}}],"collection":[{"href":"https:\/\/esasgrup.com.tr\/tr\/wp-json\/wp\/v2\/pages"}],"about":[{"href":"https:\/\/esasgrup.com.tr\/tr\/wp-json\/wp\/v2\/types\/page"}],"author":[{"embeddable":true,"href":"https:\/\/esasgrup.com.tr\/tr\/wp-json\/wp\/v2\/users\/4"}],"replies":[{"embeddable":true,"href":"https:\/\/esasgrup.com.tr\/tr\/wp-json\/wp\/v2\/comments?post=2289"}],"version-history":[{"count":10,"href":"https:\/\/esasgrup.com.tr\/tr\/wp-json\/wp\/v2\/pages\/2289\/revisions"}],"predecessor-version":[{"id":2309,"href":"https:\/\/esasgrup.com.tr\/tr\/wp-json\/wp\/v2\/pages\/2289\/revisions\/2309"}],"wp:attachment":[{"href":"https:\/\/esasgrup.com.tr\/tr\/wp-json\/wp\/v2\/media?parent=2289"}],"curies":[{"name":"wp","href":"https:\/\/api.w.org\/{rel}","templated":true}]}}