{"id":2026,"date":"2026-04-11T17:41:01","date_gmt":"2026-04-11T14:41:01","guid":{"rendered":"https:\/\/esasgrup.com.tr\/?page_id=2026"},"modified":"2026-04-11T17:41:01","modified_gmt":"2026-04-11T14:41:01","slug":"vision","status":"publish","type":"page","link":"https:\/\/esasgrup.com.tr\/tr\/vision\/","title":{"rendered":"Vizyon"},"content":{"rendered":"<div class=\"et_pb_section_0 et_pb_section et_pb_fullwidth_section et_section_regular et_block_section\">\n<section class=\"et_pb_fullwidth_header_0 et_pb_fullwidth_header et_pb_bg_layout_dark et_pb_text_align_center et_pb_module et_flex_module\"><div class=\"et_pb_fullwidth_header_container center\"><div class=\"header-content-container center\"><div class=\"header-content et_flex_module\"><h1 class=\"et_pb_module_header\">Vizyonumuz<\/h1><div class=\"et_pb_header_content_wrapper\"><p>Yerli m\u00fchendislik g\u00fcc\u00fcm\u00fczle, paketleme teknolojileri alan\u0131nda k\u00fcresel standartlara y\u00f6n veren; yenilik\u00e7i yakla\u015f\u0131m\u0131 ve teknolojik \u00f6nc\u00fcl\u00fc\u011f\u00fcyle tercih edilen lider bir marka olmak. \u0130nsan odakl\u0131 \u00fcretim anlay\u0131\u015f\u0131m\u0131zla, end\u00fcstriyel otomasyon s\u00fcre\u00e7lerinde gelece\u011fi \u015fekillendiren bir d\u00fcnya markas\u0131 konumuna ula\u015fmak.<\/p>\n<\/div><div class=\"et_pb_header_button_wrapper\"><\/div><\/div><\/div><\/div><div class=\"et_pb_fullwidth_header_overlay\"><\/div><div class=\"et_pb_fullwidth_header_scroll\"><\/div><\/section>\n<\/div>\n\n<div class=\"et_pb_section_1 et_pb_section et_section_specialty et_pb_gutters2 et_block_section\"><div class=\"et_pb_row et_block_row\">\n<div class=\"et_pb_column_0 et_pb_column et_pb_column_single et_pb_column_1_2 et_block_column et_pb_css_mix_blend_mode_passthrough\">\n<div class=\"et_pb_blurb_0 et_pb_blurb et_pb_bg_layout_dark et_pb_text_align_right et_pb_blurb_position_top et_animated et_pb_module et_block_module\"><div class=\"et_pb_blurb_content\"><div class=\"et_pb_blurb_container\"><h4 class=\"et_pb_module_header\"><a href=\"https:\/\/esasgrup.com.tr\/tr\/contact-us\/\">\u0130leti\u015fime Ge\u00e7<\/a><\/h4><\/div><\/div><\/div>\n<\/div>\n\n<div class=\"et_pb_column_1 et_pb_column et_pb_specialty_column et_pb_column_1_2 et-last-child et_block_column et_pb_css_mix_blend_mode_passthrough\">\n<div class=\"et_pb_row_inner_0 et_pb_row_inner et_block_row\">\n<div class=\"et_pb_column_inner_0 et_pb_column_inner et_pb_column et_pb_column_1_4 et_block_column et_pb_column_empty et_pb_css_mix_blend_mode_passthrough\"><\/div>\n\n<div class=\"et_pb_column_inner_1 et_pb_column_inner et_pb_column et_pb_column_1_4 et-last-child et_block_column et_pb_css_mix_blend_mode_passthrough\">\n<div class=\"et_pb_module et_pb_button_module_wrapper et_pb_button_0_wrapper\"><a class=\"et_pb_button_0 et_pb_button et_pb_bg_layout_light et_animated et_pb_module et_block_module\" href=\"https:\/\/esasgrup.com.tr\/tr\/about\/\">Hakk\u0131m\u0131zda<\/a><\/div>\n<\/div>\n<\/div>\n<\/div>\n<\/div><\/div>","protected":false},"excerpt":{"rendered":"","protected":false},"author":4,"featured_media":0,"parent":0,"menu_order":0,"comment_status":"closed","ping_status":"closed","template":"","meta":{"footnotes":""},"class_list":["post-2026","page","type-page","status-publish","hentry"],"_links":{"self":[{"href":"https:\/\/esasgrup.com.tr\/tr\/wp-json\/wp\/v2\/pages\/2026","targetHints":{"allow":["GET"]}}],"collection":[{"href":"https:\/\/esasgrup.com.tr\/tr\/wp-json\/wp\/v2\/pages"}],"about":[{"href":"https:\/\/esasgrup.com.tr\/tr\/wp-json\/wp\/v2\/types\/page"}],"author":[{"embeddable":true,"href":"https:\/\/esasgrup.com.tr\/tr\/wp-json\/wp\/v2\/users\/4"}],"replies":[{"embeddable":true,"href":"https:\/\/esasgrup.com.tr\/tr\/wp-json\/wp\/v2\/comments?post=2026"}],"version-history":[{"count":2,"href":"https:\/\/esasgrup.com.tr\/tr\/wp-json\/wp\/v2\/pages\/2026\/revisions"}],"predecessor-version":[{"id":2028,"href":"https:\/\/esasgrup.com.tr\/tr\/wp-json\/wp\/v2\/pages\/2026\/revisions\/2028"}],"wp:attachment":[{"href":"https:\/\/esasgrup.com.tr\/tr\/wp-json\/wp\/v2\/media?parent=2026"}],"curies":[{"name":"wp","href":"https:\/\/api.w.org\/{rel}","templated":true}]}}