{"id":2023,"date":"2026-04-11T17:40:19","date_gmt":"2026-04-11T14:40:19","guid":{"rendered":"https:\/\/esasgrup.com.tr\/?page_id=2023"},"modified":"2026-04-11T17:41:29","modified_gmt":"2026-04-11T14:41:29","slug":"mission","status":"publish","type":"page","link":"https:\/\/esasgrup.com.tr\/tr\/mission\/","title":{"rendered":"Misyon"},"content":{"rendered":"<div class=\"et_pb_section_0 et_pb_section et_pb_fullwidth_section et_section_regular et_block_section\">\n<section class=\"et_pb_fullwidth_header_0 et_pb_fullwidth_header et_pb_bg_layout_dark et_pb_text_align_center et_pb_module et_flex_module\"><div class=\"et_pb_fullwidth_header_container center\"><div class=\"header-content-container center\"><div class=\"header-content et_flex_module\"><h1 class=\"et_pb_module_header\">Misyonumuz<\/h1><div class=\"et_pb_header_content_wrapper\"><p>\u00dcretim s\u00fcre\u00e7lerinde verimlili\u011fi ve hassasiyeti esas alarak, sekt\u00f6r\u00fcn ihtiya\u00e7lar\u0131na tam uyum sa\u011flayan, dayan\u0131kl\u0131 ve yenilik\u00e7i paketleme makineleri tasarlamak. K\u00f6kl\u00fc tecr\u00fcbemizden ald\u0131\u011f\u0131m\u0131z g\u00fc\u00e7le, i\u015f ortaklar\u0131m\u0131z\u0131n \u00fcretim hatlar\u0131nda s\u00fcrd\u00fcr\u00fclebilir, g\u00fcvenilir ve y\u00fcksek performansl\u0131 \u00e7\u00f6z\u00fcmler sunarak de\u011fer yaratmak.<\/p>\n<\/div><div class=\"et_pb_header_button_wrapper\"><\/div><\/div><\/div><\/div><div class=\"et_pb_fullwidth_header_overlay\"><\/div><div class=\"et_pb_fullwidth_header_scroll\"><\/div><\/section>\n<\/div>\n\n<div class=\"et_pb_section_1 et_pb_section et_section_specialty et_pb_gutters2 et_block_section\"><div class=\"et_pb_row et_block_row\">\n<div class=\"et_pb_column_0 et_pb_column et_pb_column_single et_pb_column_1_2 et_block_column et_pb_css_mix_blend_mode_passthrough\">\n<div class=\"et_pb_blurb_0 et_pb_blurb et_pb_bg_layout_dark et_pb_text_align_right et_pb_blurb_position_top et_animated et_pb_module et_block_module\"><div class=\"et_pb_blurb_content\"><div class=\"et_pb_blurb_container\"><h4 class=\"et_pb_module_header\"><a href=\"https:\/\/esasgrup.com.tr\/tr\/contact-us\/\">\u0130leti\u015fime Ge\u00e7<\/a><\/h4><\/div><\/div><\/div>\n<\/div>\n\n<div class=\"et_pb_column_1 et_pb_column et_pb_specialty_column et_pb_column_1_2 et-last-child et_block_column et_pb_css_mix_blend_mode_passthrough\">\n<div class=\"et_pb_row_inner_0 et_pb_row_inner et_block_row\">\n<div class=\"et_pb_column_inner_0 et_pb_column_inner et_pb_column et_pb_column_1_4 et_block_column et_pb_column_empty et_pb_css_mix_blend_mode_passthrough\"><\/div>\n\n<div class=\"et_pb_column_inner_1 et_pb_column_inner et_pb_column et_pb_column_1_4 et-last-child et_block_column et_pb_css_mix_blend_mode_passthrough\">\n<div class=\"et_pb_module et_pb_button_module_wrapper et_pb_button_0_wrapper\"><a class=\"et_pb_button_0 et_pb_button et_pb_bg_layout_light et_animated et_pb_module et_block_module\" href=\"https:\/\/esasgrup.com.tr\/tr\/about\/\">Hakk\u0131m\u0131zda<\/a><\/div>\n<\/div>\n<\/div>\n<\/div>\n<\/div><\/div>","protected":false},"excerpt":{"rendered":"","protected":false},"author":4,"featured_media":0,"parent":0,"menu_order":0,"comment_status":"closed","ping_status":"closed","template":"","meta":{"footnotes":""},"class_list":["post-2023","page","type-page","status-publish","hentry"],"_links":{"self":[{"href":"https:\/\/esasgrup.com.tr\/tr\/wp-json\/wp\/v2\/pages\/2023","targetHints":{"allow":["GET"]}}],"collection":[{"href":"https:\/\/esasgrup.com.tr\/tr\/wp-json\/wp\/v2\/pages"}],"about":[{"href":"https:\/\/esasgrup.com.tr\/tr\/wp-json\/wp\/v2\/types\/page"}],"author":[{"embeddable":true,"href":"https:\/\/esasgrup.com.tr\/tr\/wp-json\/wp\/v2\/users\/4"}],"replies":[{"embeddable":true,"href":"https:\/\/esasgrup.com.tr\/tr\/wp-json\/wp\/v2\/comments?post=2023"}],"version-history":[{"count":3,"href":"https:\/\/esasgrup.com.tr\/tr\/wp-json\/wp\/v2\/pages\/2023\/revisions"}],"predecessor-version":[{"id":2029,"href":"https:\/\/esasgrup.com.tr\/tr\/wp-json\/wp\/v2\/pages\/2023\/revisions\/2029"}],"wp:attachment":[{"href":"https:\/\/esasgrup.com.tr\/tr\/wp-json\/wp\/v2\/media?parent=2023"}],"curies":[{"name":"wp","href":"https:\/\/api.w.org\/{rel}","templated":true}]}}